{"id":189,"date":"2022-10-29T23:47:14","date_gmt":"2022-10-29T21:47:14","guid":{"rendered":"https:\/\/latelier-de-marion.fr\/?page_id=189"},"modified":"2022-10-30T19:43:04","modified_gmt":"2022-10-30T18:43:04","slug":"a-propos-de-moi","status":"publish","type":"page","link":"https:\/\/latelier-de-marion.fr\/index.php\/a-propos-de-moi\/","title":{"rendered":"A propos de moi"},"content":{"rendered":"\n<figure class=\"wp-block-image size-full\"><img loading=\"lazy\" decoding=\"async\" width=\"999\" height=\"657\" src=\"https:\/\/latelier-de-marion.fr\/wp-content\/uploads\/2022\/10\/Logo.jpg\" alt=\"Logo_atelier_de_Marion\" class=\"wp-image-12\" srcset=\"https:\/\/latelier-de-marion.fr\/wp-content\/uploads\/2022\/10\/Logo.jpg 999w, https:\/\/latelier-de-marion.fr\/wp-content\/uploads\/2022\/10\/Logo-300x197.jpg 300w, https:\/\/latelier-de-marion.fr\/wp-content\/uploads\/2022\/10\/Logo-768x505.jpg 768w\" sizes=\"auto, (max-width: 999px) 100vw, 999px\" \/><\/figure>\n\n\n\n<p class=\"has-text-align-left\">Comme vous avez pu le deviner, je m&rsquo;appelle Marion. Je confectionne de jolies cr\u00e9ations sur mon temps libre par passion. Je vous propose mes services et suis ouverte \u00e0 vos futures sollicitations. Etant amatrice, je suis apte \u00e0 vous produire des \u00e9l\u00e9ments comme r\u00e9pertori\u00e9s sur ce site ou au contraire relever de nouveaux challenges !<\/p>\n\n\n\n<p>Pour me contacter : <a href=\"mailto:contact@latelier-de-marion.fr\">contact@latelier-de-marion.fr<\/a><\/p>\n\n\n\n<p>J&rsquo;esp\u00e8re avoir le plaisir d&rsquo;\u00e9changer avec vous prochainement \ud83d\ude42<\/p>\n\n\n\n<figure class=\"wp-block-image size-full\"><img loading=\"lazy\" decoding=\"async\" width=\"999\" height=\"657\" src=\"https:\/\/latelier-de-marion.fr\/wp-content\/uploads\/2022\/10\/Logo.jpg\" alt=\"Logo_atelier_de_Marion\" class=\"wp-image-12\" srcset=\"https:\/\/latelier-de-marion.fr\/wp-content\/uploads\/2022\/10\/Logo.jpg 999w, https:\/\/latelier-de-marion.fr\/wp-content\/uploads\/2022\/10\/Logo-300x197.jpg 300w, https:\/\/latelier-de-marion.fr\/wp-content\/uploads\/2022\/10\/Logo-768x505.jpg 768w\" sizes=\"auto, (max-width: 999px) 100vw, 999px\" \/><\/figure>\n","protected":false},"excerpt":{"rendered":"<p>Comme vous avez pu le deviner, je m&rsquo;appelle Marion. Je confectionne de jolies cr\u00e9ations sur mon temps libre par passion. Je vous propose mes services et suis ouverte \u00e0 vos futures sollicitations. Etant amatrice, je suis apte \u00e0 vous produire des \u00e9l\u00e9ments comme r\u00e9pertori\u00e9s sur ce site ou au contraire relever de nouveaux challenges ! [&hellip;]<\/p>\n","protected":false},"author":1,"featured_media":0,"parent":0,"menu_order":1,"comment_status":"closed","ping_status":"closed","template":"","meta":{"footnotes":""},"class_list":["post-189","page","type-page","status-publish","hentry"],"_links":{"self":[{"href":"https:\/\/latelier-de-marion.fr\/index.php\/wp-json\/wp\/v2\/pages\/189","targetHints":{"allow":["GET"]}}],"collection":[{"href":"https:\/\/latelier-de-marion.fr\/index.php\/wp-json\/wp\/v2\/pages"}],"about":[{"href":"https:\/\/latelier-de-marion.fr\/index.php\/wp-json\/wp\/v2\/types\/page"}],"author":[{"embeddable":true,"href":"https:\/\/latelier-de-marion.fr\/index.php\/wp-json\/wp\/v2\/users\/1"}],"replies":[{"embeddable":true,"href":"https:\/\/latelier-de-marion.fr\/index.php\/wp-json\/wp\/v2\/comments?post=189"}],"version-history":[{"count":7,"href":"https:\/\/latelier-de-marion.fr\/index.php\/wp-json\/wp\/v2\/pages\/189\/revisions"}],"predecessor-version":[{"id":224,"href":"https:\/\/latelier-de-marion.fr\/index.php\/wp-json\/wp\/v2\/pages\/189\/revisions\/224"}],"wp:attachment":[{"href":"https:\/\/latelier-de-marion.fr\/index.php\/wp-json\/wp\/v2\/media?parent=189"}],"curies":[{"name":"wp","href":"https:\/\/api.w.org\/{rel}","templated":true}]}}